{"id":730,"date":"2018-07-26T10:40:07","date_gmt":"2018-07-26T13:40:07","guid":{"rendered":"https:\/\/institutocoviello-tuc.infd.edu.ar\/sitio\/?page_id=730"},"modified":"2026-03-19T01:04:42","modified_gmt":"2026-03-19T04:04:42","slug":"examenes2021","status":"publish","type":"page","link":"https:\/\/institutocoviello-tuc.infd.edu.ar\/sitio\/estudiantes\/examenes2021\/","title":{"rendered":"FECHAS EX\u00c1MENES FINALES 2026"},"content":{"rendered":"<div>\n<h5>\u00a0 \u00a0 \u00a0 \u00a0 \u00a0 \u00a0 \u00a0 \u00a0 \u00a0 \u00a0 \u00a0 \u00a0 \u00a0 \u00a0 \u00a0 \u00a0 \u00a0 \u00a0 \u00a0 \u00a0 \u00a0 \u00a0 \u00a0 \u00a0 \u00a0<img decoding=\"async\" loading=\"lazy\" class=\"wp-image-757 alignright\" src=\"https:\/\/institutocoviello-tuc.infd.edu.ar\/sitio\/wp-content\/uploads\/2018\/07\/home-3.png\" alt=\"\" width=\"204\" height=\"136\" \/><\/h5>\n<h6 style=\"text-align: right;\"><span style=\"color: #ff6600;\"><em>Las mesas deben rendirse en estricto cumplimiento del r\u00e9gimen de CORRELATIVIDADES de cada carrera.<\/em><\/span><\/h6>\n<h5 style=\"text-align: center;\"><span style=\"color: #0000ff;\"><strong>\u00a0 \u00a0 \u00a0 \u00a0 \u00a0 \u00a0 \u00a0 \u00a0 \u00a0 \u00a0 \u00a0 \u00a0 \u00a0 \u00a0 \u00a0 \u00a0 \u00a0 \u00a0 \u00a0 \u00a0 \u00a0 \u00a0 \u00a0 \u00a0 \u00a0 \u00a0 \u00a0 \u00a0 \u00a0 \u00a0 \u00a0 \u00a0 \u00a0 \u00a0 \u00a0 <span style=\"color: #ff0000;\">\u00a0 \u00a0MESAS ESPECIALES MES DE ABRIL 2026<\/span><\/strong><\/span><\/h5>\n<h6 style=\"text-align: left;\"><strong><span style=\"color: #ff9900;\">\u00a0 \u00a0 \u00a0 \u00a0 \u00a0 \u00a0 \u00a0 \u00a0 \u00a0 \u00a0 \u00a0 \u00a0 \u00a0 \u00a0 \u00a0 \u00a0 \u00a0 \u00a0 \u00a0 \u00a0 \u00a0 \u00a0 \u00a0 \u00a0 \u00a0 \u00a0 \u00a0 \u00a0 \u00a0 \u00a0 \u00a0 \u00a0 \u00a0 \u00a0 \u00a0 \u00a0\u00a0 \u00a0\u00a0 \u00a0\u00a0 \u00a0\u00a0 \u00a0\u00a0 \u00a0\u00a0 \u00a0\u00a0 \u00a0\u00a0 \u00a0\u00a0 \u00a0\u00a0 \u00a0\u00a0 \u00a0\u00a0 \u00a0\u00a0 \u00a0\u00a0 \u00a0\u00a0 \u00a0\u00a0 \u00a0\u00a0 \u00a0\u00a0 \u00a0\u00a0 \u00a0\u00a0 \u00a0\u00a0 \u00a0\u00a0 <\/span><\/strong><span style=\"color: #008080;\"><strong><span style=\"color: #008000;\">SOFTWARE<\/span><\/strong><\/span><\/h6>\n<h6 style=\"text-align: center;\"><span style=\"color: #0000ff;\"><strong><span style=\"color: #008000;\">\u00a0 \u00a0 \u00a0 \u00a0 \u00a0 \u00a0 \u00a0 \u00a0 \u00a0 \u00a0 \u00a0 \u00a0 \u00a0 \u00a0 \u00a0 \u00a0 \u00a0 \u00a0 \u00a0 \u00a0 \u00a0 \u00a0 \u00a0 \u00a0<span style=\"color: #0000ff;\"> \u00a0 \u00a0 \u00a0 <\/span><\/span><span style=\"color: #0000ff;\">ADMINISTRACI\u00d3N EMPRESAS A<\/span><\/strong><\/span><\/h6>\n<h6 style=\"text-align: center;\"><strong><span style=\"color: #ff9900;\">\u00a0 \u00a0 \u00a0 \u00a0 \u00a0 \u00a0 \u00a0 \u00a0 \u00a0 \u00a0 \u00a0 \u00a0 \u00a0 \u00a0 \u00a0 \u00a0 \u00a0 \u00a0 \u00a0 \u00a0 \u00a0 \u00a0 \u00a0 \u00a0 \u00a0 \u00a0 \u00a0 \u00a0 \u00a0 \u00a0 \u00a0 \u00a0 \u00a0<span style=\"color: #3366ff;\">\u00a0ADMINISTRACI\u00d3N EMPRESAS B\u00a0<\/span> \u00a0 \u00a0 \u00a0 \u00a0 \u00a0\u00a0<\/span><\/strong><\/h6>\n<h6 style=\"text-align: center;\"><strong style=\"color: #008000; font-size: revert; text-align: center;\">\u00a0 \u00a0 \u00a0 \u00a0 \u00a0 \u00a0 \u00a0 \u00a0 \u00a0 \u00a0 \u00a0 \u00a0 \u00a0 \u00a0 \u00a0 \u00a0 \u00a0 \u00a0 <span style=\"color: #ff9900;\">EVENTOS<\/span><\/strong><\/h6>\n<h6 style=\"text-align: center;\"><span style=\"color: #008000;\"><strong>\u00a0 \u00a0 \u00a0 \u00a0 \u00a0 \u00a0 \u00a0 \u00a0 \u00a0 \u00a0 \u00a0 \u00a0 \u00a0 \u00a0 \u00a0 \u00a0 \u00a0 \u00a0 \u00a0 \u00a0 \u00a0 \u00a0 \u00a0 \u00a0 \u00a0 \u00a0 \u00a0 \u00a0 <\/strong><\/span><em><strong><span style=\"color: #ff0000;\">\u2191\u00a0 click en el enlace para visualizar <span style=\"color: #000080;\">[recorrer el archivo hasta el final (pdf)]<\/span><\/span><\/strong><\/em><\/h6>\n<h6 style=\"text-align: center;\"><span style=\"color: #993300;\"><strong><em>** si hubiere eventualmente alg\u00fan cambio de fecha consultar con el docente de la c\u00e1tedra o en secci\u00f3n alumnos.\u00a0<\/em><\/strong><\/span><\/h6>\n<h5>\u00a0<\/h5>\n<\/div>\n<div>\u00a0<\/div>\n\n\n<p><\/p>\n","protected":false},"excerpt":{"rendered":"<p>\u00a0 \u00a0 \u00a0 \u00a0 \u00a0 \u00a0 \u00a0 \u00a0 \u00a0 \u00a0 \u00a0 \u00a0 \u00a0 \u00a0 \u00a0 \u00a0 \u00a0 \u00a0 \u00a0 \u00a0 \u00a0 \u00a0 \u00a0 \u00a0 \u00a0 Las mesas deben rendirse en estricto cumplimiento del r\u00e9gimen de CORRELATIVIDADES de cada carrera. \u00a0 \u00a0 \u00a0 \u00a0 \u00a0 \u00a0 \u00a0 \u00a0 \u00a0 \u00a0 \u00a0 \u00a0 \u00a0 \u00a0 \u00a0 \u00a0 &#8230; <a title=\"FECHAS EX\u00c1MENES FINALES 2026\" class=\"read-more\" href=\"https:\/\/institutocoviello-tuc.infd.edu.ar\/sitio\/estudiantes\/examenes2021\/\" aria-label=\"More on FECHAS EX\u00c1MENES FINALES 2026\">[+]<\/a><\/p>\n","protected":false},"author":6,"featured_media":0,"parent":692,"menu_order":0,"comment_status":"closed","ping_status":"closed","template":"","meta":[],"acf":[],"_links":{"self":[{"href":"https:\/\/institutocoviello-tuc.infd.edu.ar\/sitio\/wp-json\/wp\/v2\/pages\/730"}],"collection":[{"href":"https:\/\/institutocoviello-tuc.infd.edu.ar\/sitio\/wp-json\/wp\/v2\/pages"}],"about":[{"href":"https:\/\/institutocoviello-tuc.infd.edu.ar\/sitio\/wp-json\/wp\/v2\/types\/page"}],"author":[{"embeddable":true,"href":"https:\/\/institutocoviello-tuc.infd.edu.ar\/sitio\/wp-json\/wp\/v2\/users\/6"}],"replies":[{"embeddable":true,"href":"https:\/\/institutocoviello-tuc.infd.edu.ar\/sitio\/wp-json\/wp\/v2\/comments?post=730"}],"version-history":[{"count":230,"href":"https:\/\/institutocoviello-tuc.infd.edu.ar\/sitio\/wp-json\/wp\/v2\/pages\/730\/revisions"}],"predecessor-version":[{"id":3454,"href":"https:\/\/institutocoviello-tuc.infd.edu.ar\/sitio\/wp-json\/wp\/v2\/pages\/730\/revisions\/3454"}],"up":[{"embeddable":true,"href":"https:\/\/institutocoviello-tuc.infd.edu.ar\/sitio\/wp-json\/wp\/v2\/pages\/692"}],"wp:attachment":[{"href":"https:\/\/institutocoviello-tuc.infd.edu.ar\/sitio\/wp-json\/wp\/v2\/media?parent=730"}],"curies":[{"name":"wp","href":"https:\/\/api.w.org\/{rel}","templated":true}]}}