{"id":727,"date":"2018-07-26T10:37:33","date_gmt":"2018-07-26T13:37:33","guid":{"rendered":"https:\/\/institutocoviello-tuc.infd.edu.ar\/sitio\/?page_id=727"},"modified":"2026-03-31T11:49:11","modified_gmt":"2026-03-31T14:49:11","slug":"datos-importantes","status":"publish","type":"page","link":"https:\/\/institutocoviello-tuc.infd.edu.ar\/sitio\/estudiantes\/datos-importantes\/","title":{"rendered":"INFORMACI\u00d3N: ALUMNOS CURSANTES y EGRESADOS"},"content":{"rendered":"<h6><span style=\"color: #ff0000;\">ATENCI\u00d3N ALUMN@S: TR\u00c1MITES, CONSULTAS Y\/O CONSTANCIAS\u00a0 REGULARES se atender\u00e1 en forma presencial en el INSTITUTO. (Adquirir en fotocopiadora para ser llenado y firma de autoridad) <a href=\"https:\/\/institutocoviello-tuc.infd.edu.ar\/sitio\/wp-content\/uploads\/2024\/10\/constancia_asistencia_examen2.pdf\" target=\"_blank\" rel=\"noopener\"><span style=\"color: #0000ff;\">Bajar constancia de examen parcial\/final<\/span><\/a><\/span><\/h6>\n<p><strong><span style=\"color: #800000;\">CONSTANCIA DE ALUMNO\/A REGULAR <a href=\"https:\/\/institutocoviello-tuc.infd.edu.ar\/sitio\/wp-content\/uploads\/2025\/03\/CONSTANCIA_ALUMNOREGULAR.pdf\" target=\"_blank\" rel=\"noopener\">bajar<\/a> LLENAR DATOS Y DEJAR EN BIBLIOTECA para la firma de autoridad.<\/span><\/strong><\/p>\n<p><strong><span style=\"color: #800000;\"><a href=\"https:\/\/institutocoviello-tuc.infd.edu.ar\/sitio\/wp-content\/uploads\/2026\/03\/Proc_InscripcionEquivalencia.pdf\" target=\"_blank\" rel=\"noopener\">PROCEDIMIENTO<\/a> PRESENTACI\u00d3N DE <span style=\"color: #0000ff;\">EQUIVALENCIAS<\/span> TODAS LAS CARRERAS JUNTO CON LA RE-INSCRIPCI\u00d3N 19 Y 20 DE MARZO.\u00a0 <\/span><\/strong><strong><span style=\"color: #003300;\">Ficha para solicitud de EQUIVALENCIA de otros institutos o universidades, con examen final aprobado de origen.<\/span><\/strong><a href=\"https:\/\/institutocoviello-tuc.infd.edu.ar\/sitio\/wp-content\/uploads\/2024\/12\/EQUIVALENCIAS.pdf\" target=\"_blank\" rel=\"noopener\"><span style=\"color: #800000;\">(bajar)<\/span><\/a><\/p>\n<p><span style=\"color: #003366;\"><a href=\"https:\/\/institutocoviello-tuc.infd.edu.ar\/sitio\/wp-content\/uploads\/2026\/03\/CONDICIONES_PARA_RENDIR_EXAMEN_LIBRE.pdf\" target=\"_blank\" rel=\"noopener\"><strong><span style=\"color: #ff0000;\">CONDICIONES PARA RENDIR LIBRE<\/span><\/strong><\/a> Ficha para solicitud para <strong>RENDIR EN CONDICION DE LIBRE<\/strong> (Excepto Las Pr\u00e1cticas Profesionalizantes)<\/span>.<a href=\"https:\/\/institutocoviello-tuc.infd.edu.ar\/sitio\/wp-content\/uploads\/2024\/11\/LIBRE.pdf\" target=\"_blank\" rel=\"noopener\"><span style=\"color: #ff6600;\">(bajar)<\/span><\/a><\/p>\n<h3>ALUMNOS CURSANTES<\/h3>\n<h5>Para <span style=\"color: #ff6600;\">consultas acad\u00e9micas y administrativas:\u00a0<\/span><a href=\"mailto:seccionalumnoscoviello@hotmail.com\">seccionalumnoscoviello@hotmail.com\u00a0<\/a><\/h5>\n<h5>Para SOLICITUD DE PROGRAMAS Y MATERIAL BIBLIOGR\u00c1FICO deben solicitar en\u00a0<span style=\"color: #ff6600;\">BIBLIOTECA.<\/span><\/h5>\n<h3>EGRESADOS<\/h3>\n<h6>Para <span style=\"color: #ff6600;\">consultas administrativas<\/span> SOLICITUD DE T\u00cdTULO O CONSTANCIA EN TR\u00c1MITE : 381-4524411 de 19.30 a 22.00<\/h6>\n<h6><span style=\"color: #800000;\">Constancia provisoria de t\u00edtulo en tr\u00e1mite <a href=\"https:\/\/institutocoviello-tuc.infd.edu.ar\/sitio\/wp-content\/uploads\/2025\/12\/ConstanciaSecentramite2026.pdf\" target=\"_blank\" rel=\"noopener\">(bajar)<\/a> previo control para la firma de autoridad.<\/span><\/h6>\n<h5><span style=\"color: #800000;\">Tramitar solicitud de T\u00edtulo deben seguir los pasos al pie de la letra por favor<\/span>:\u00a0<a href=\"https:\/\/institutoalfredocoviello.blogspot.com\/p\/blog-page_28.html\" target=\"_blank\" rel=\"noopener\">(Click Aqu\u00ed) C\u00d3MO TRAMITAR LA SOLICITUD DE T\u00cdTULO<\/a><\/h5>\n<h5><span style=\"color: #800000;\">GENERAR CONSTANCIA DE T\u00cdTULO EN TR\u00c1MITE ON LINE<\/span> (<em><strong>una vez tramitado en la instituci\u00f3n<\/strong><\/em>):\u00a0<a href=\"http:\/\/titulos.educaciontuc.gov.ar:88\/consultaonline.aspx\" target=\"_blank\" rel=\"noopener\">Generar <\/a><\/h5>\n","protected":false},"excerpt":{"rendered":"<p>ATENCI\u00d3N ALUMN@S: TR\u00c1MITES, CONSULTAS Y\/O CONSTANCIAS\u00a0 REGULARES se atender\u00e1 en forma presencial en el INSTITUTO. (Adquirir en fotocopiadora para ser llenado y firma de autoridad) Bajar constancia de examen parcial\/final CONSTANCIA DE ALUMNO\/A REGULAR bajar LLENAR DATOS Y DEJAR EN BIBLIOTECA para la firma de autoridad. PROCEDIMIENTO PRESENTACI\u00d3N DE EQUIVALENCIAS TODAS LAS CARRERAS JUNTO CON &#8230; <a title=\"INFORMACI\u00d3N: ALUMNOS CURSANTES y EGRESADOS\" class=\"read-more\" href=\"https:\/\/institutocoviello-tuc.infd.edu.ar\/sitio\/estudiantes\/datos-importantes\/\" aria-label=\"More on INFORMACI\u00d3N: ALUMNOS CURSANTES y EGRESADOS\">[+]<\/a><\/p>\n","protected":false},"author":6,"featured_media":0,"parent":692,"menu_order":0,"comment_status":"closed","ping_status":"closed","template":"","meta":[],"acf":[],"_links":{"self":[{"href":"https:\/\/institutocoviello-tuc.infd.edu.ar\/sitio\/wp-json\/wp\/v2\/pages\/727"}],"collection":[{"href":"https:\/\/institutocoviello-tuc.infd.edu.ar\/sitio\/wp-json\/wp\/v2\/pages"}],"about":[{"href":"https:\/\/institutocoviello-tuc.infd.edu.ar\/sitio\/wp-json\/wp\/v2\/types\/page"}],"author":[{"embeddable":true,"href":"https:\/\/institutocoviello-tuc.infd.edu.ar\/sitio\/wp-json\/wp\/v2\/users\/6"}],"replies":[{"embeddable":true,"href":"https:\/\/institutocoviello-tuc.infd.edu.ar\/sitio\/wp-json\/wp\/v2\/comments?post=727"}],"version-history":[{"count":34,"href":"https:\/\/institutocoviello-tuc.infd.edu.ar\/sitio\/wp-json\/wp\/v2\/pages\/727\/revisions"}],"predecessor-version":[{"id":3473,"href":"https:\/\/institutocoviello-tuc.infd.edu.ar\/sitio\/wp-json\/wp\/v2\/pages\/727\/revisions\/3473"}],"up":[{"embeddable":true,"href":"https:\/\/institutocoviello-tuc.infd.edu.ar\/sitio\/wp-json\/wp\/v2\/pages\/692"}],"wp:attachment":[{"href":"https:\/\/institutocoviello-tuc.infd.edu.ar\/sitio\/wp-json\/wp\/v2\/media?parent=727"}],"curies":[{"name":"wp","href":"https:\/\/api.w.org\/{rel}","templated":true}]}}