{"id":685,"date":"2018-07-25T15:06:42","date_gmt":"2018-07-25T18:06:42","guid":{"rendered":"https:\/\/institutocoviello-tuc.infd.edu.ar\/sitio\/?page_id=685"},"modified":"2025-11-08T21:10:32","modified_gmt":"2025-11-09T00:10:32","slug":"autoridades","status":"publish","type":"page","link":"https:\/\/institutocoviello-tuc.infd.edu.ar\/sitio\/institucional\/autoridades\/","title":{"rendered":"Autoridades de la instituci\u00f3n"},"content":{"rendered":"<h5><img decoding=\"async\" loading=\"lazy\" class=\"wp-image-805 alignright\" src=\"https:\/\/institutocoviello-tuc.infd.edu.ar\/sitio\/wp-content\/uploads\/2020\/03\/coviello2020-1000x773.jpeg\" alt=\"\" width=\"432\" height=\"334\" \/>Prof. Lic. Marcelo Boullhesen &#8211; Director Titular<img decoding=\"async\" loading=\"lazy\" class=\"alignnone\" src=\"https:\/\/institutocoviello-tuc.infd.edu.ar\/sitio\/wp-content\/uploads\/2025\/11\/Boullhesen.png\" width=\"72\" height=\"66\" \/><\/h5>\n<h6><strong>REFERENTES y miembros del Consejo C<\/strong><strong>onsultivo:\u00a0<\/strong><\/h6>\n<p><b>Ing. Carla Arias Acu\u00f1a &#8211; Carrera de T.S. en <span style=\"color: #008000;\">Desarrollo de Software.<\/span><\/b><\/p>\n<p><strong>Lic. Cristina Orden<\/strong> &#8211; <b>Carrera de T.S. en <span style=\"color: #ff9900;\">Gesti\u00f3n y Organizaci\u00f3n de Eventos.<\/span>\u00a0<\/b><\/p>\n<p><strong>Lic. Francisco Orellana <\/strong>&#8211;\u00a0 <b>Carrera de T.S. en <span style=\"color: #000080;\">Administraci\u00f3n de Empresas.<\/span><\/b><\/p>\n<p><b>Profesores tutores : P\u00eda Vargas Gra\u00f1a T.S. en <span style=\"color: #333333;\">Desarrollo de Software<\/span><\/b><\/p>\n<p><b> Santiago Acosta T.S. en Gesti\u00f3n y Org. de Eventos. <\/b><\/p>\n<p><b>Prof. Luisa Chehuan T.S. Adm. de Empresas.<\/b><\/p>\n<p><strong>Responsable acad\u00e9mica Prof. Cristina Bravo.\u00a0<\/strong><\/p>\n<p><strong>\u00a0<\/strong><b>\u00c1rea Administrativa<\/b><\/p>\n<p><strong><em>Secretario:\u00a0 Miguel Montenegro Massa<\/em><\/strong><\/p>\n<p><span data-mce-mark=\"1\">Tel\u00e9fono institucional: 381-4524411 de 19 a 22.30 hs<\/span><\/p>\n<p><span data-mce-mark=\"1\">E-mail: <a href=\"mailto:seccionalumnoscoviello@hotmail.com\">seccionalumnoscoviello@hotmail.com<\/a><\/span><\/p>\n","protected":false},"excerpt":{"rendered":"<p>Prof. Lic. Marcelo Boullhesen &#8211; Director Titular REFERENTES y miembros del Consejo Consultivo:\u00a0 Ing. Carla Arias Acu\u00f1a &#8211; Carrera de T.S. en Desarrollo de Software. Lic. Cristina Orden &#8211; Carrera de T.S. en Gesti\u00f3n y Organizaci\u00f3n de Eventos.\u00a0 Lic. Francisco Orellana &#8211;\u00a0 Carrera de T.S. en Administraci\u00f3n de Empresas. Profesores tutores : P\u00eda Vargas Gra\u00f1a &#8230; <a title=\"Autoridades de la instituci\u00f3n\" class=\"read-more\" href=\"https:\/\/institutocoviello-tuc.infd.edu.ar\/sitio\/institucional\/autoridades\/\" aria-label=\"More on Autoridades de la instituci\u00f3n\">[+]<\/a><\/p>\n","protected":false},"author":11,"featured_media":0,"parent":683,"menu_order":0,"comment_status":"closed","ping_status":"closed","template":"","meta":[],"acf":[],"_links":{"self":[{"href":"https:\/\/institutocoviello-tuc.infd.edu.ar\/sitio\/wp-json\/wp\/v2\/pages\/685"}],"collection":[{"href":"https:\/\/institutocoviello-tuc.infd.edu.ar\/sitio\/wp-json\/wp\/v2\/pages"}],"about":[{"href":"https:\/\/institutocoviello-tuc.infd.edu.ar\/sitio\/wp-json\/wp\/v2\/types\/page"}],"author":[{"embeddable":true,"href":"https:\/\/institutocoviello-tuc.infd.edu.ar\/sitio\/wp-json\/wp\/v2\/users\/11"}],"replies":[{"embeddable":true,"href":"https:\/\/institutocoviello-tuc.infd.edu.ar\/sitio\/wp-json\/wp\/v2\/comments?post=685"}],"version-history":[{"count":37,"href":"https:\/\/institutocoviello-tuc.infd.edu.ar\/sitio\/wp-json\/wp\/v2\/pages\/685\/revisions"}],"predecessor-version":[{"id":3177,"href":"https:\/\/institutocoviello-tuc.infd.edu.ar\/sitio\/wp-json\/wp\/v2\/pages\/685\/revisions\/3177"}],"up":[{"embeddable":true,"href":"https:\/\/institutocoviello-tuc.infd.edu.ar\/sitio\/wp-json\/wp\/v2\/pages\/683"}],"wp:attachment":[{"href":"https:\/\/institutocoviello-tuc.infd.edu.ar\/sitio\/wp-json\/wp\/v2\/media?parent=685"}],"curies":[{"name":"wp","href":"https:\/\/api.w.org\/{rel}","templated":true}]}}