{"id":683,"date":"2018-07-25T15:06:14","date_gmt":"2018-07-25T18:06:14","guid":{"rendered":"https:\/\/institutocoviello-tuc.infd.edu.ar\/sitio\/?page_id=683"},"modified":"2025-09-19T10:15:40","modified_gmt":"2025-09-19T13:15:40","slug":"institucional","status":"publish","type":"page","link":"https:\/\/institutocoviello-tuc.infd.edu.ar\/sitio\/institucional\/","title":{"rendered":"Rese\u00f1a institucional"},"content":{"rendered":"<h5 style=\"text-align: center;\"><a href=\"https:\/\/institutocoviello-tuc.infd.edu.ar\/sitio\/wp-content\/uploads\/2022\/06\/53anos.mp4\" target=\"_blank\" rel=\"noopener\">56 \u00ba Aniversario &#8211; 10 junio 2025<\/a><\/h5>\n<h5 style=\"text-align: center;\"><strong><u>RESE\u00d1A SOBRE LA CREACI\u00d3N\u00a0DEL INSTITUTO<\/u><\/strong><\/h5>\n<h5 style=\"text-align: left;\">El Instituto de Ense\u00f1anza Superior \u201cAlfredo Coviello\u201d de Educaci\u00f3n\u00a0 p\u00fablica, fue creado el 10 de junio de 1969 por Resoluci\u00f3n Ministerial N\u00ba 993\/14 SE, con el nombre de Escuela Terciaria de Administraci\u00f3n de Empresas, disponi\u00e9ndose que funcione en el local de la Escuela Jos\u00e9 M\u00e1rmol de la capital tucumana. El 8 de agosto de 1969 el Presidente del Consejo de Educaci\u00f3n, Prof. Miguel \u00c1ngel Torres lo design\u00f3 con el nombre de ALFREDO COVIELLO y en 1988 pas\u00f3 a llamarse Instituto de Ense\u00f1anza Superior \u201cAlfredo Coviello\u201d. \u00a0El edificio se encuentra ubicado\u00a0 en la calle Santiago del Estero esquina Virgen de la Merced, \u00a0zona de f\u00e1cil acceso, densamente poblada con un movimiento comercial importante. La matr\u00edcula del IES es de aproximadamente 600 alumnos. \u00a0Su crecimiento ha sido constante y floreciente, mejorando la calidad y sus ofertas educativas. Hoy en d\u00eda existen tres carreras de Nivel Superior: Tecnicatura Superior en Administraci\u00f3n de Empresas, Tecnicatura Superior en Desarrollo de Software y Tecnicatura Superior en Gesti\u00f3n y Organizaci\u00f3n de Eventos. Actualmente est\u00e1 en proyecto incorporar una nueva carrera. Nuestro lema construir el cimiento de una sociedad capacitada con una s\u00f3lida Formaci\u00f3n T\u00c9CNICO PROFESIONAL DE NIVEL SUPERIOR.<\/h5>\n<p><iframe loading=\"lazy\" src=\"https:\/\/www.youtube.com\/embed\/bLAImBueKUU\" width=\"460\" height=\"215\" frameborder=\"0\" allowfullscreen=\"allowfullscreen\"><\/iframe>\u00a0 \u00a0 \u00a0 \u00a0 \u00a0 \u00a0 \u00a0 \u00a0 \u00a0 \u00a0<iframe loading=\"lazy\" src=\"https:\/\/www.youtube.com\/embed\/0VIHHvMDGsM\" width=\"460\" height=\"215\" frameborder=\"0\" allowfullscreen=\"allowfullscreen\"><\/iframe><\/p>\n","protected":false},"excerpt":{"rendered":"<p>56 \u00ba Aniversario &#8211; 10 junio 2025 RESE\u00d1A SOBRE LA CREACI\u00d3N\u00a0DEL INSTITUTO El Instituto de Ense\u00f1anza Superior \u201cAlfredo Coviello\u201d de Educaci\u00f3n\u00a0 p\u00fablica, fue creado el 10 de junio de 1969 por Resoluci\u00f3n Ministerial N\u00ba 993\/14 SE, con el nombre de Escuela Terciaria de Administraci\u00f3n de Empresas, disponi\u00e9ndose que funcione en el local de la Escuela &#8230; <a title=\"Rese\u00f1a institucional\" class=\"read-more\" href=\"https:\/\/institutocoviello-tuc.infd.edu.ar\/sitio\/institucional\/\" aria-label=\"More on Rese\u00f1a institucional\">[+]<\/a><\/p>\n","protected":false},"author":6,"featured_media":0,"parent":0,"menu_order":0,"comment_status":"closed","ping_status":"closed","template":"","meta":[],"acf":[],"_links":{"self":[{"href":"https:\/\/institutocoviello-tuc.infd.edu.ar\/sitio\/wp-json\/wp\/v2\/pages\/683"}],"collection":[{"href":"https:\/\/institutocoviello-tuc.infd.edu.ar\/sitio\/wp-json\/wp\/v2\/pages"}],"about":[{"href":"https:\/\/institutocoviello-tuc.infd.edu.ar\/sitio\/wp-json\/wp\/v2\/types\/page"}],"author":[{"embeddable":true,"href":"https:\/\/institutocoviello-tuc.infd.edu.ar\/sitio\/wp-json\/wp\/v2\/users\/6"}],"replies":[{"embeddable":true,"href":"https:\/\/institutocoviello-tuc.infd.edu.ar\/sitio\/wp-json\/wp\/v2\/comments?post=683"}],"version-history":[{"count":21,"href":"https:\/\/institutocoviello-tuc.infd.edu.ar\/sitio\/wp-json\/wp\/v2\/pages\/683\/revisions"}],"predecessor-version":[{"id":3112,"href":"https:\/\/institutocoviello-tuc.infd.edu.ar\/sitio\/wp-json\/wp\/v2\/pages\/683\/revisions\/3112"}],"wp:attachment":[{"href":"https:\/\/institutocoviello-tuc.infd.edu.ar\/sitio\/wp-json\/wp\/v2\/media?parent=683"}],"curies":[{"name":"wp","href":"https:\/\/api.w.org\/{rel}","templated":true}]}}