{"id":318,"date":"2016-10-31T14:20:44","date_gmt":"2016-10-31T17:20:44","guid":{"rendered":"https:\/\/institutocoviello-tuc.infd.edu.ar\/sitio\/?page_id=318"},"modified":"2026-03-27T17:19:19","modified_gmt":"2026-03-27T20:19:19","slug":"tramites","status":"publish","type":"page","link":"https:\/\/institutocoviello-tuc.infd.edu.ar\/sitio\/institucional\/tramites\/","title":{"rendered":"Disposiciones y datos de contacto"},"content":{"rendered":"<h5><span style=\"color: #ff6600;\">DISPOSICIONES INTERNAS DE DIRECCI\u00d3N 2026<\/span><\/h5>\n<p><a href=\"https:\/\/institutocoviello-tuc.infd.edu.ar\/sitio\/wp-content\/uploads\/2026\/03\/DISPOSICION1_IES_COVIELLO2026.pdf\" target=\"_blank\" rel=\"noopener\"><span style=\"color: #0000ff;\">Disposici\u00f3n 1<\/span><\/a><\/p>\n<p><a href=\"https:\/\/institutocoviello-tuc.infd.edu.ar\/sitio\/wp-content\/uploads\/2026\/03\/Disposicion2_Coviello2026.pdf\" target=\"_blank\" rel=\"noopener\"><span style=\"color: #0000ff;\">Disposici\u00f3n 2<\/span><\/a><\/p>\n<h5>Para tr\u00e1mites y constancias&nbsp;Solicitud de constancias de t\u00edtulos<\/h5>\n<p><a href=\"mailto:seccionalumnoscoviello@hotmail.com\">seccionalumnoscoviello@hotmail.com&nbsp;<\/a><\/p>\n<p>INGRESANTES 2026<\/p>\n<p><a href=\"mailto:ingresantescoviello@gmail.com\">ingresantescoviello@gmail.com<\/a><\/p>\n<h5>Institucional:<\/h5>\n<p><a href=\"mailto:institutocoviello@hotmail.com\">institutocoviello@hotmail.com<\/a><\/p>\n<h6><span style=\"color: #800080;\">Atenci\u00f3n presencial de 19 a 22 hs. \u2013 Santiago y Virgen de la Merced \u2013 San Miguel de Tucum\u00e1n \u2013 2025<\/span><\/h6>\n<p>Tel:&nbsp; 381-4524411<\/p>\n","protected":false},"excerpt":{"rendered":"<p>DISPOSICIONES INTERNAS DE DIRECCI\u00d3N 2026 Disposici\u00f3n 1 Disposici\u00f3n 2 Para tr\u00e1mites y constancias&nbsp;Solicitud de constancias de t\u00edtulos seccionalumnoscoviello@hotmail.com&nbsp; INGRESANTES 2026 ingresantescoviello@gmail.com Institucional: institutocoviello@hotmail.com Atenci\u00f3n presencial de 19 a 22 hs. \u2013 Santiago y Virgen de la Merced \u2013 San Miguel de Tucum\u00e1n \u2013 2025 Tel:&nbsp; 381-4524411<\/p>\n","protected":false},"author":1,"featured_media":0,"parent":683,"menu_order":0,"comment_status":"closed","ping_status":"closed","template":"","meta":[],"acf":[],"_links":{"self":[{"href":"https:\/\/institutocoviello-tuc.infd.edu.ar\/sitio\/wp-json\/wp\/v2\/pages\/318"}],"collection":[{"href":"https:\/\/institutocoviello-tuc.infd.edu.ar\/sitio\/wp-json\/wp\/v2\/pages"}],"about":[{"href":"https:\/\/institutocoviello-tuc.infd.edu.ar\/sitio\/wp-json\/wp\/v2\/types\/page"}],"author":[{"embeddable":true,"href":"https:\/\/institutocoviello-tuc.infd.edu.ar\/sitio\/wp-json\/wp\/v2\/users\/1"}],"replies":[{"embeddable":true,"href":"https:\/\/institutocoviello-tuc.infd.edu.ar\/sitio\/wp-json\/wp\/v2\/comments?post=318"}],"version-history":[{"count":21,"href":"https:\/\/institutocoviello-tuc.infd.edu.ar\/sitio\/wp-json\/wp\/v2\/pages\/318\/revisions"}],"predecessor-version":[{"id":3465,"href":"https:\/\/institutocoviello-tuc.infd.edu.ar\/sitio\/wp-json\/wp\/v2\/pages\/318\/revisions\/3465"}],"up":[{"embeddable":true,"href":"https:\/\/institutocoviello-tuc.infd.edu.ar\/sitio\/wp-json\/wp\/v2\/pages\/683"}],"wp:attachment":[{"href":"https:\/\/institutocoviello-tuc.infd.edu.ar\/sitio\/wp-json\/wp\/v2\/media?parent=318"}],"curies":[{"name":"wp","href":"https:\/\/api.w.org\/{rel}","templated":true}]}}